{"id":10931,"date":"2026-03-25T18:00:06","date_gmt":"2026-03-25T23:00:06","guid":{"rendered":"https:\/\/tamboblanquillo.com\/politique-de-confidentialite\/"},"modified":"2026-03-25T18:18:53","modified_gmt":"2026-03-25T23:18:53","slug":"politique-de-confidentialite","status":"publish","type":"page","link":"https:\/\/tamboblanquillo.com\/fr\/politique-de-confidentialite\/","title":{"rendered":"Politique de confidentialit\u00e9"},"content":{"rendered":"\t\t<div data-elementor-type=\"wp-page\" data-elementor-id=\"10931\" class=\"elementor elementor-10931 elementor-10879\">\n\t\t\t\t<div class=\"elementor-element elementor-element-6e7e921 e-con-full e-flex e-con e-parent\" data-id=\"6e7e921\" data-element_type=\"container\">\n\t\t\t\t<div class=\"elementor-element elementor-element-063b22b elementor-widget elementor-widget-text-editor\" data-id=\"063b22b\" data-element_type=\"widget\" data-widget_type=\"text-editor.default\">\n\t\t\t\t<div class=\"elementor-widget-container\">\n\t\t\t<style>\/*! elementor - v3.21.0 - 18-04-2024 *\/\n.elementor-widget-text-editor.elementor-drop-cap-view-stacked .elementor-drop-cap{background-color:#69727d;color:#fff}.elementor-widget-text-editor.elementor-drop-cap-view-framed .elementor-drop-cap{color:#69727d;border:3px solid;background-color:transparent}.elementor-widget-text-editor:not(.elementor-drop-cap-view-default) .elementor-drop-cap{margin-top:8px}.elementor-widget-text-editor:not(.elementor-drop-cap-view-default) .elementor-drop-cap-letter{width:1em;height:1em}.elementor-widget-text-editor .elementor-drop-cap{float:left;text-align:center;line-height:1;font-size:50px}.elementor-widget-text-editor .elementor-drop-cap-letter{display:inline-block}<\/style>\t\t\t\t<p>Politique de protection des donn\u00e9es personnelles \u2013 Tambo Blanquillo<\/p>\n<p>Chez Tambo Blanquillo, nous prot\u00e9geons toutes les informations personnelles que vous nous communiquez lorsque vous nous contactez ou demandez des renseignements sur nos services. Nous respectons la loi p\u00e9ruvienne n\u00b0 29733 relative \u00e0 la protection des donn\u00e9es personnelles et ses r\u00e8glements d\u2019application. <\/p>\n<p>Quelles donn\u00e9es collectons-nous ?<\/p>\n<p>Seules les informations que vous nous fournissez volontairement lorsque vous nous \u00e9crivez sont utilis\u00e9es : vos nom, adresse \u00e9lectronique, num\u00e9ro de t\u00e9l\u00e9phone et tous les d\u00e9tails n\u00e9cessaires pour r\u00e9pondre \u00e0 votre demande ou organiser votre voyage.<\/p>\n<p>Comment utilisons-nous vos donn\u00e9es ?<\/p>\n<ul>\n<li>Pour r\u00e9pondre \u00e0 votre message ou \u00e0 votre demande de voyage.<\/li>\n<li>Pour coordonner les r\u00e9servations et les services li\u00e9s \u00e0 votre voyage dans la for\u00eat tropicale de Manu.<\/li>\n<li>Vous envoyer des informations sur nos services uniquement si vous nous en donnez l&rsquo;autorisation.<\/li>\n<\/ul>\n<p>Avec qui partageons-nous vos informations ?<\/p>\n<p>Uniquement avec les prestataires de services n\u00e9cessaires \u00e0 l&rsquo;organisation de votre voyage (h\u00e9bergements, op\u00e9rateurs locaux, transport), toujours dans le respect de la confidentialit\u00e9 et des mesures de protection des donn\u00e9es.<\/p>\n<p>Combien de temps conservons-nous vos donn\u00e9es ?<\/p>\n<p>Uniquement pendant la dur\u00e9e n\u00e9cessaire au traitement de votre demande ou au respect des obligations l\u00e9gales.<\/p>\n<p>Utilisation d&rsquo;images et de t\u00e9moignages<\/p>\n<p>Nous pourrions vous demander votre autorisation expresse pour utiliser votre nom, votre image ou votre t\u00e9moignage \u00e0 des fins promotionnelles. Cette autorisation est facultative. <\/p>\n\t\t\t\t\t\t<\/div>\n\t\t\t\t<\/div>\n\t\t\t\t<\/div>\n\t\t\t\t<\/div>\n\t\t","protected":false},"excerpt":{"rendered":"<div class=\"tmnf_excerpt\"><p>Politique de protection des donn\u00e9es personnelles \u2013 Tambo Blanquillo Chez Tambo Blanquillo, nous prot\u00e9geons toutes les informations personnelles que vous nous communiquez lorsque vous nous contactez ou demandez des renseignements sur nos services. Nous respectons la loi p\u00e9ruvienne n\u00b0 29733 relative \u00e0 la protection des donn\u00e9es personnelles et ses r\u00e8glements d\u2019application. Quelles donn\u00e9es collectons-nous ? &hellip;<\/p>\n<\/div>","protected":false},"author":2,"featured_media":0,"parent":0,"menu_order":0,"comment_status":"closed","ping_status":"closed","template":"","meta":{"footnotes":""},"_links":{"self":[{"href":"https:\/\/tamboblanquillo.com\/fr\/wp-json\/wp\/v2\/pages\/10931"}],"collection":[{"href":"https:\/\/tamboblanquillo.com\/fr\/wp-json\/wp\/v2\/pages"}],"about":[{"href":"https:\/\/tamboblanquillo.com\/fr\/wp-json\/wp\/v2\/types\/page"}],"author":[{"embeddable":true,"href":"https:\/\/tamboblanquillo.com\/fr\/wp-json\/wp\/v2\/users\/2"}],"replies":[{"embeddable":true,"href":"https:\/\/tamboblanquillo.com\/fr\/wp-json\/wp\/v2\/comments?post=10931"}],"version-history":[{"count":1,"href":"https:\/\/tamboblanquillo.com\/fr\/wp-json\/wp\/v2\/pages\/10931\/revisions"}],"predecessor-version":[{"id":10932,"href":"https:\/\/tamboblanquillo.com\/fr\/wp-json\/wp\/v2\/pages\/10931\/revisions\/10932"}],"wp:attachment":[{"href":"https:\/\/tamboblanquillo.com\/fr\/wp-json\/wp\/v2\/media?parent=10931"}],"curies":[{"name":"wp","href":"https:\/\/api.w.org\/{rel}","templated":true}]}}