{"id":10915,"date":"2026-03-25T18:02:19","date_gmt":"2026-03-25T23:02:19","guid":{"rendered":"https:\/\/tamboblanquillo.com\/politiques-de-reservation\/"},"modified":"2026-03-25T18:13:54","modified_gmt":"2026-03-25T23:13:54","slug":"politiques-de-reservation","status":"publish","type":"page","link":"https:\/\/tamboblanquillo.com\/fr\/politiques-de-reservation\/","title":{"rendered":"Politiques de r\u00e9servation"},"content":{"rendered":"\t\t<div data-elementor-type=\"wp-page\" data-elementor-id=\"10915\" class=\"elementor elementor-10915 elementor-10899\">\n\t\t\t\t<div class=\"elementor-element elementor-element-b818264 e-con-full e-flex e-con e-parent\" data-id=\"b818264\" data-element_type=\"container\">\n\t\t\t\t<div class=\"elementor-element elementor-element-efc009a elementor-widget elementor-widget-text-editor\" data-id=\"efc009a\" data-element_type=\"widget\" data-widget_type=\"text-editor.default\">\n\t\t\t\t<div class=\"elementor-widget-container\">\n\t\t\t<style>\/*! elementor - v3.21.0 - 18-04-2024 *\/\n.elementor-widget-text-editor.elementor-drop-cap-view-stacked .elementor-drop-cap{background-color:#69727d;color:#fff}.elementor-widget-text-editor.elementor-drop-cap-view-framed .elementor-drop-cap{color:#69727d;border:3px solid;background-color:transparent}.elementor-widget-text-editor:not(.elementor-drop-cap-view-default) .elementor-drop-cap{margin-top:8px}.elementor-widget-text-editor:not(.elementor-drop-cap-view-default) .elementor-drop-cap-letter{width:1em;height:1em}.elementor-widget-text-editor .elementor-drop-cap{float:left;text-align:center;line-height:1;font-size:50px}.elementor-widget-text-editor .elementor-drop-cap-letter{display:inline-block}<\/style>\t\t\t\t<h3 data-path-to-node=\"1\">Informations de r\u00e9servation et de contact<\/h3>\n<ul>\n<li id=\"p-rc_60ea5f4942ba0037-86\" data-path-to-node=\"2,0,1\">Demandes de r\u00e9servation : Toutes les r\u00e9servations doivent \u00eatre demand\u00e9es par courriel au service des r\u00e9servations.<\/li>\n<li id=\"p-rc_60ea5f4942ba0037-87\" data-path-to-node=\"2,1,1\"><span data-path-to-node=\"2,1,1,0\"><span class=\"citation-207\"><b data-path-to-node=\"2,1,1,0\" data-index-in-node=\"0\">Email<\/b><\/span><span class=\"citation-207\">: info@tamboblanquillo.com<\/span><\/span><span data-path-to-node=\"2,1,1,2\">.<\/span><\/li>\n<li id=\"p-rc_60ea5f4942ba0037-88\" data-path-to-node=\"2,2,1\"><b data-path-to-node=\"2,2,1,0\" data-index-in-node=\"0\">T\u00e9l\u00e9phone : <\/b>+51984992203.<\/li>\n<li id=\"p-rc_60ea5f4942ba0037-89\" data-path-to-node=\"2,3,1\"><span data-path-to-node=\"2,3,1,0\"><span class=\"citation-205\"><b data-path-to-node=\"2,3,1,0\" data-index-in-node=\"0\">Site web:<\/b> <\/span><a class=\"ng-star-inserted\" href=\"https:\/\/www.tamboblanquillo.com\/\" target=\"_blank\" rel=\"noopener\" data-hveid=\"0\" data-ved=\"0CAAQ_4QMahgKEwiU8pj-9ruTAxUAAAAAHQAAAAAQjwQ\"><span class=\"citation-205\">www.tamboblanquillo.com<\/span><\/a><\/span><span data-path-to-node=\"2,3,1,2\">.<\/span><\/li>\n<\/ul>\n<h3 data-path-to-node=\"3\">Payment Policies<\/h3>\n<ul>\n<li id=\"p-rc_60ea5f4942ba0037-90\" data-path-to-node=\"4,0,1\"><b data-path-to-node=\"4,0,1,0\" data-index-in-node=\"0\">Acompte de confirmation : <\/b>Un acompte de 50 % du montant total de la r\u00e9servation est requis pour confirmer et finaliser la r\u00e9servation.<\/li>\n<li id=\"p-rc_60ea5f4942ba0037-91\" data-path-to-node=\"4,1,1\"><b data-path-to-node=\"4,1,1,0\" data-index-in-node=\"0\">Paiement final :<\/b> Les 50 % restants doivent \u00eatre r\u00e9gl\u00e9s un mois avant l&rsquo;arriv\u00e9e des passagers.<\/li>\n<li id=\"p-rc_60ea5f4942ba0037-92\" data-path-to-node=\"4,2,1\"><b data-path-to-node=\"4,2,1,0\" data-index-in-node=\"0\">Modes de paiement :<\/b> Les principaux modes de paiement sont les virements bancaires (privil\u00e9gi\u00e9s en raison de leurs co\u00fbts inf\u00e9rieurs) et les liens de paiement VISA sur demande.<\/li>\n<li id=\"p-rc_60ea5f4942ba0037-93\" data-path-to-node=\"4,3,1\"><b data-path-to-node=\"4,3,1,0\" data-index-in-node=\"0\">Frais de virement <\/b>: Les clients doivent s\u2019assurer que le montant exact soit cr\u00e9dit\u00e9 sur le compte, afin d\u2019\u00e9viter les d\u00e9ductions li\u00e9es aux commissions des interm\u00e9diaires.<\/li>\n<\/ul>\n<div class=\"source-inline-chip-container ng-star-inserted\"> <\/div>\n<\/p>\n<h3 data-path-to-node=\"5\">Bank Transfer Details (International)<\/h3>\n<ul>\n<li id=\"p-rc_60ea5f4942ba0037-94\" data-path-to-node=\"6,0,1\"><b data-path-to-node=\"6,0,1,0\" data-index-in-node=\"0\">Banque <\/b>: Banco de Cr\u00e9dito del Per\u00fa.<\/li>\n<li id=\"p-rc_60ea5f4942ba0037-95\" data-path-to-node=\"6,1,1\"><span data-path-to-node=\"6,1,1,0\"><span class=\"citation-199\"><b data-path-to-node=\"6,1,1,0\" data-index-in-node=\"0\">Adresse:<\/b> Calle Centenario #156, La Molina, Lima, Per\u00fa<\/span><\/span><span data-path-to-node=\"6,1,1,2\">.<\/span><\/li>\n<li id=\"p-rc_60ea5f4942ba0037-96\" data-path-to-node=\"6,2,1\"><span data-path-to-node=\"6,2,1,0\"><b data-path-to-node=\"6,2,1,0\" data-index-in-node=\"0\"><span class=\"citation-198\">SWIFT Code<\/span><\/b><span class=\"citation-198\">: BCPLPEPL<\/span><\/span><span data-path-to-node=\"6,2,1,2\">.<\/span><\/li>\n<li id=\"p-rc_60ea5f4942ba0037-97\" data-path-to-node=\"6,3,1\"><span data-path-to-node=\"6,3,1,0\"><span class=\"citation-197\"><b data-path-to-node=\"6,3,1,0\" data-index-in-node=\"0\">B\u00e9n\u00e9ficiaire<\/b>:Tambo Blanquillo SAC<\/span><\/span><span data-path-to-node=\"6,3,1,2\">.<\/span><\/li>\n<li id=\"p-rc_60ea5f4942ba0037-98\" data-path-to-node=\"6,4,1\"><span data-path-to-node=\"6,4,1,0\"><b data-path-to-node=\"6,4,1,0\" data-index-in-node=\"0\"><span class=\"citation-196\">RUC<\/span><\/b><span class=\"citation-196\">: 20527011711<\/span><\/span><span data-path-to-node=\"6,4,1,2\">.<\/span><\/li>\n<li id=\"p-rc_60ea5f4942ba0037-99\" data-path-to-node=\"6,5,1\"><span data-path-to-node=\"6,5,1,0\"><span class=\"citation-195\"><b data-path-to-node=\"6,5,1,0\" data-index-in-node=\"0\">Num\u00e9ro de compte: <\/b>194-1712473-1-16<\/span><\/span><span data-path-to-node=\"6,5,1,2\">.<\/span><\/li>\n<li id=\"p-rc_60ea5f4942ba0037-100\" data-path-to-node=\"6,6,1\"><span data-path-to-node=\"6,6,1,0\"><b data-path-to-node=\"6,6,1,0\" data-index-in-node=\"0\"><span class=\"citation-194\">Transaction Fee Note<\/span><\/b><span class=\"citation-194\">: The company covers a one-time $24.00 fee charged by their bank, but is not responsible for other intermediary or third-party bank fees<\/span><\/span><span data-path-to-node=\"6,6,1,2\">.<\/span><\/li>\n<li> <\/li>\n<\/ul>\n<h3 data-path-to-node=\"7\">Politique d&rsquo;annulation et de modification<\/h3>\n<ul>\n<li id=\"p-rc_60ea5f4942ba0037-101\" data-path-to-node=\"8,0,1\">Plus de 30 jours avant : remboursement de 80 %.<\/li>\n<li id=\"p-rc_60ea5f4942ba0037-102\" data-path-to-node=\"8,1,1\">Entre 30 et 15 jours avant : remboursement de 50 %.<\/li>\n<li id=\"p-rc_60ea5f4942ba0037-103\" data-path-to-node=\"8,2,1\"><b data-path-to-node=\"8,2,1,0\" data-index-in-node=\"0\">15 jours avant :<\/b> Aucun remboursement.<\/li>\n<li id=\"p-rc_60ea5f4942ba0037-104\" data-path-to-node=\"8,3,1\"><b data-path-to-node=\"8,3,1,0\" data-index-in-node=\"0\">En cas de non-pr\u00e9sentation :<\/b> 100 % du montant de la r\u00e9servation sera factur\u00e9 ; aucun remboursement ne sera effectu\u00e9.<\/li>\n<li id=\"p-rc_60ea5f4942ba0037-105\" data-path-to-node=\"8,4,1\"><b data-path-to-node=\"8,4,1,0\" data-index-in-node=\"0\">Modifications : <\/b>Les modifications de dates, de types de chambres ou de nombre de personnes sont soumises \u00e0 disponibilit\u00e9 et peuvent entra\u00eener des frais suppl\u00e9mentaires.<\/li>\n<li id=\"p-rc_60ea5f4942ba0037-106\" data-path-to-node=\"8,5,1\"><b data-path-to-node=\"8,5,1,0\" data-index-in-node=\"0\">Modifications d&rsquo;itin\u00e9raire : <\/b>En raison des conditions m\u00e9t\u00e9orologiques ou des glissements de terrain dans la zone tampon de Manu, les guides peuvent modifier l&rsquo;itin\u00e9raire et en informeront les passagers au pr\u00e9alable.<\/li>\n<\/ul>\n\t\t\t\t\t\t<\/div>\n\t\t\t\t<\/div>\n\t\t\t\t<\/div>\n\t\t\t\t<\/div>\n\t\t","protected":false},"excerpt":{"rendered":"<div class=\"tmnf_excerpt\"><p>Informations de r\u00e9servation et de contact Demandes de r\u00e9servation : Toutes les r\u00e9servations doivent \u00eatre demand\u00e9es par courriel au service des r\u00e9servations. Email: info@tamboblanquillo.com. T\u00e9l\u00e9phone : +51984992203. Site web: www.tamboblanquillo.com. Payment Policies Acompte de confirmation : Un acompte de 50 % du montant total de la r\u00e9servation est requis pour confirmer et finaliser la r\u00e9servation. &hellip;<\/p>\n<\/div>","protected":false},"author":2,"featured_media":0,"parent":0,"menu_order":0,"comment_status":"closed","ping_status":"closed","template":"","meta":{"footnotes":""},"_links":{"self":[{"href":"https:\/\/tamboblanquillo.com\/fr\/wp-json\/wp\/v2\/pages\/10915"}],"collection":[{"href":"https:\/\/tamboblanquillo.com\/fr\/wp-json\/wp\/v2\/pages"}],"about":[{"href":"https:\/\/tamboblanquillo.com\/fr\/wp-json\/wp\/v2\/types\/page"}],"author":[{"embeddable":true,"href":"https:\/\/tamboblanquillo.com\/fr\/wp-json\/wp\/v2\/users\/2"}],"replies":[{"embeddable":true,"href":"https:\/\/tamboblanquillo.com\/fr\/wp-json\/wp\/v2\/comments?post=10915"}],"version-history":[{"count":1,"href":"https:\/\/tamboblanquillo.com\/fr\/wp-json\/wp\/v2\/pages\/10915\/revisions"}],"predecessor-version":[{"id":10916,"href":"https:\/\/tamboblanquillo.com\/fr\/wp-json\/wp\/v2\/pages\/10915\/revisions\/10916"}],"wp:attachment":[{"href":"https:\/\/tamboblanquillo.com\/fr\/wp-json\/wp\/v2\/media?parent=10915"}],"curies":[{"name":"wp","href":"https:\/\/api.w.org\/{rel}","templated":true}]}}