{"id":10936,"date":"2026-03-25T18:00:06","date_gmt":"2026-03-25T23:00:06","guid":{"rendered":"https:\/\/tamboblanquillo.com\/politica-de-privacidad\/"},"modified":"2026-03-25T18:20:46","modified_gmt":"2026-03-25T23:20:46","slug":"politica-de-privacidad","status":"publish","type":"page","link":"https:\/\/tamboblanquillo.com\/es\/politica-de-privacidad\/","title":{"rendered":"Pol\u00edtica de privacidad"},"content":{"rendered":"\t\t<div data-elementor-type=\"wp-page\" data-elementor-id=\"10936\" class=\"elementor elementor-10936 elementor-10879\">\n\t\t\t\t<div class=\"elementor-element elementor-element-6e7e921 e-con-full e-flex e-con e-parent\" data-id=\"6e7e921\" data-element_type=\"container\">\n\t\t\t\t<div class=\"elementor-element elementor-element-063b22b elementor-widget elementor-widget-text-editor\" data-id=\"063b22b\" data-element_type=\"widget\" data-widget_type=\"text-editor.default\">\n\t\t\t\t<div class=\"elementor-widget-container\">\n\t\t\t<style>\/*! elementor - v3.21.0 - 18-04-2024 *\/\n.elementor-widget-text-editor.elementor-drop-cap-view-stacked .elementor-drop-cap{background-color:#69727d;color:#fff}.elementor-widget-text-editor.elementor-drop-cap-view-framed .elementor-drop-cap{color:#69727d;border:3px solid;background-color:transparent}.elementor-widget-text-editor:not(.elementor-drop-cap-view-default) .elementor-drop-cap{margin-top:8px}.elementor-widget-text-editor:not(.elementor-drop-cap-view-default) .elementor-drop-cap-letter{width:1em;height:1em}.elementor-widget-text-editor .elementor-drop-cap{float:left;text-align:center;line-height:1;font-size:50px}.elementor-widget-text-editor .elementor-drop-cap-letter{display:inline-block}<\/style>\t\t\t\t<p>Pol\u00edtica de Protecci\u00f3n de Datos Personales \u2013 Tambo Blanquillo<\/p>\n<p>En Tambo Blanquillo, protegemos toda la informaci\u00f3n personal que usted nos proporciona al contactarnos o solicitar informaci\u00f3n sobre nuestros servicios. Cumplimos con la Ley de Protecci\u00f3n de Datos Personales N\u00b0 29733 del Per\u00fa y su reglamento. <\/p>\n<p>\u00bfQu\u00e9 datos recopilamos?<\/p>\n<p>Solo utilizaremos la informaci\u00f3n que usted nos proporcione voluntariamente al escribirnos: su nombre, correo electr\u00f3nico, n\u00famero de tel\u00e9fono y cualquier detalle necesario para responder a su consulta u organizar su viaje.<\/p>\n<p>\u00bfC\u00f3mo utilizamos sus datos?<\/p>\n<ul>\n<li>Para responder a su mensaje o solicitud de viaje.<\/li>\n<li>Para coordinar las reservas y los servicios relacionados con su viaje a la selva tropical de Manu.<\/li>\n<li>Para enviarle informaci\u00f3n sobre nuestros servicios \u00fanicamente si usted nos da su permiso.<\/li>\n<\/ul>\n<p>\u00bfCon qui\u00e9n compartimos tu informaci\u00f3n?<\/p>\n<p>\u00danicamente con los proveedores de servicios necesarios para organizar su viaje (alojamientos, operadores locales, transporte), siempre bajo estricta confidencialidad y con medidas de protecci\u00f3n de datos.<\/p>\n<p>\u00bfDurante cu\u00e1nto tiempo conservamos sus datos?<\/p>\n<p>Solo durante el tiempo necesario para procesar su solicitud o para cumplir con las obligaciones legales.<\/p>\n<p>Uso de im\u00e1genes y testimonios<\/p>\n<p>Podemos solicitar su autorizaci\u00f3n expresa para utilizar su nombre, imagen o testimonio con fines promocionales. Esta autorizaci\u00f3n es opcional. <\/p>\n\t\t\t\t\t\t<\/div>\n\t\t\t\t<\/div>\n\t\t\t\t<\/div>\n\t\t\t\t<\/div>\n\t\t","protected":false},"excerpt":{"rendered":"<div class=\"tmnf_excerpt\"><p>Pol\u00edtica de Protecci\u00f3n de Datos Personales \u2013 Tambo Blanquillo En Tambo Blanquillo, protegemos toda la informaci\u00f3n personal que usted nos proporciona al contactarnos o solicitar informaci\u00f3n sobre nuestros servicios. Cumplimos con la Ley de Protecci\u00f3n de Datos Personales N\u00b0 29733 del Per\u00fa y su reglamento. \u00bfQu\u00e9 datos recopilamos? Solo utilizaremos la informaci\u00f3n que usted nos &hellip;<\/p>\n<\/div>","protected":false},"author":2,"featured_media":0,"parent":0,"menu_order":0,"comment_status":"closed","ping_status":"closed","template":"","meta":{"footnotes":""},"_links":{"self":[{"href":"https:\/\/tamboblanquillo.com\/es\/wp-json\/wp\/v2\/pages\/10936"}],"collection":[{"href":"https:\/\/tamboblanquillo.com\/es\/wp-json\/wp\/v2\/pages"}],"about":[{"href":"https:\/\/tamboblanquillo.com\/es\/wp-json\/wp\/v2\/types\/page"}],"author":[{"embeddable":true,"href":"https:\/\/tamboblanquillo.com\/es\/wp-json\/wp\/v2\/users\/2"}],"replies":[{"embeddable":true,"href":"https:\/\/tamboblanquillo.com\/es\/wp-json\/wp\/v2\/comments?post=10936"}],"version-history":[{"count":1,"href":"https:\/\/tamboblanquillo.com\/es\/wp-json\/wp\/v2\/pages\/10936\/revisions"}],"predecessor-version":[{"id":10937,"href":"https:\/\/tamboblanquillo.com\/es\/wp-json\/wp\/v2\/pages\/10936\/revisions\/10937"}],"wp:attachment":[{"href":"https:\/\/tamboblanquillo.com\/es\/wp-json\/wp\/v2\/media?parent=10936"}],"curies":[{"name":"wp","href":"https:\/\/api.w.org\/{rel}","templated":true}]}}