{"id":10929,"date":"2026-03-25T18:02:19","date_gmt":"2026-03-25T23:02:19","guid":{"rendered":"https:\/\/tamboblanquillo.com\/politicas-de-reserva\/"},"modified":"2026-03-25T18:17:31","modified_gmt":"2026-03-25T23:17:31","slug":"politicas-de-reserva","status":"publish","type":"page","link":"https:\/\/tamboblanquillo.com\/es\/politicas-de-reserva\/","title":{"rendered":"Pol\u00edticas de reserva"},"content":{"rendered":"\t\t<div data-elementor-type=\"wp-page\" data-elementor-id=\"10929\" class=\"elementor elementor-10929 elementor-10899\">\n\t\t\t\t<div class=\"elementor-element elementor-element-b818264 e-con-full e-flex e-con e-parent\" data-id=\"b818264\" data-element_type=\"container\">\n\t\t\t\t<div class=\"elementor-element elementor-element-efc009a elementor-widget elementor-widget-text-editor\" data-id=\"efc009a\" data-element_type=\"widget\" data-widget_type=\"text-editor.default\">\n\t\t\t\t<div class=\"elementor-widget-container\">\n\t\t\t<style>\/*! elementor - v3.21.0 - 18-04-2024 *\/\n.elementor-widget-text-editor.elementor-drop-cap-view-stacked .elementor-drop-cap{background-color:#69727d;color:#fff}.elementor-widget-text-editor.elementor-drop-cap-view-framed .elementor-drop-cap{color:#69727d;border:3px solid;background-color:transparent}.elementor-widget-text-editor:not(.elementor-drop-cap-view-default) .elementor-drop-cap{margin-top:8px}.elementor-widget-text-editor:not(.elementor-drop-cap-view-default) .elementor-drop-cap-letter{width:1em;height:1em}.elementor-widget-text-editor .elementor-drop-cap{float:left;text-align:center;line-height:1;font-size:50px}.elementor-widget-text-editor .elementor-drop-cap-letter{display:inline-block}<\/style>\t\t\t\t<h3 data-path-to-node=\"1\">Informaci\u00f3n de reserva y contacto<\/h3>\n<ul>\n<li id=\"p-rc_60ea5f4942ba0037-86\" data-path-to-node=\"2,0,1\"><b data-path-to-node=\"2,0,1,0\" data-index-in-node=\"0\">Solicitudes de reserva:<\/b> Todas las solicitudes de reserva deben realizarse por correo electr\u00f3nico al departamento de reservas.<\/li>\n<li id=\"p-rc_60ea5f4942ba0037-87\" data-path-to-node=\"2,1,1\"><span data-path-to-node=\"2,1,1,0\"><b data-path-to-node=\"2,1,1,0\" data-index-in-node=\"0\"><span class=\"citation-207\">Email<\/span><\/b><span class=\"citation-207\">: info@tamboblanquillo.com<\/span><\/span><span data-path-to-node=\"2,1,1,2\">.<\/span><\/li>\n<li id=\"p-rc_60ea5f4942ba0037-88\" data-path-to-node=\"2,2,1\"><span data-path-to-node=\"2,2,1,0\"><span class=\"citation-206\"><b data-path-to-node=\"2,2,1,0\" data-index-in-node=\"0\">Tel\u00e9fono:<\/b>+51984992203<\/span><\/span><span data-path-to-node=\"2,2,1,2\">.<\/span><\/li>\n<li id=\"p-rc_60ea5f4942ba0037-89\" data-path-to-node=\"2,3,1\"><span data-path-to-node=\"2,3,1,0\"><b data-path-to-node=\"2,3,1,0\" data-index-in-node=\"0\"><span class=\"citation-205\">Pagina Web<\/span><\/b><span class=\"citation-205\">: <\/span><a class=\"ng-star-inserted\" href=\"https:\/\/www.tamboblanquillo.com\/\" target=\"_blank\" rel=\"noopener\" data-hveid=\"0\" data-ved=\"0CAAQ_4QMahgKEwiU8pj-9ruTAxUAAAAAHQAAAAAQjwQ\"><span class=\"citation-205\">www.tamboblanquillo.com<\/span><\/a><\/span><span data-path-to-node=\"2,3,1,2\">.<\/span><\/li>\n<\/ul>\n<h3 data-path-to-node=\"3\">Pol\u00edticas de pago<\/h3>\n<ul>\n<li id=\"p-rc_60ea5f4942ba0037-90\" data-path-to-node=\"4,0,1\"><b data-path-to-node=\"4,0,1,0\" data-index-in-node=\"0\">Dep\u00f3sito de confirmaci\u00f3n:<\/b> Se requiere un dep\u00f3sito del 50% del importe total de la reserva para confirmarla y finalizarla.<\/li>\n<li id=\"p-rc_60ea5f4942ba0037-91\" data-path-to-node=\"4,1,1\"><b data-path-to-node=\"4,1,1,0\" data-index-in-node=\"0\">Pago final:<\/b> El 50% restante deber\u00e1 abonarse un mes antes de la llegada de los pasajeros.<\/li>\n<li id=\"p-rc_60ea5f4942ba0037-92\" data-path-to-node=\"4,2,1\"><b data-path-to-node=\"4,2,1,0\" data-index-in-node=\"0\">M\u00e9todos de pago:<\/b> Los principales m\u00e9todos son las transferencias bancarias (priorizadas por su menor coste) y los enlaces de pago VISA previa solicitud.<\/li>\n<li id=\"p-rc_60ea5f4942ba0037-93\" data-path-to-node=\"4,3,1\"><b data-path-to-node=\"4,3,1,0\" data-index-in-node=\"0\">Costes de transferencia: <\/b>Los clientes deben asegurarse de que llegue a su cuenta la cantidad exacta, evitando deducciones por comisiones de intermediarios.<\/li>\n<\/ul>\n<div class=\"source-inline-chip-container ng-star-inserted\"> <\/div>\n<\/p>\n<h3 data-path-to-node=\"5\">Datos para transferencia bancaria (internacional)<\/h3>\n<ul>\n<li id=\"p-rc_60ea5f4942ba0037-94\" data-path-to-node=\"6,0,1\"><b data-path-to-node=\"6,0,1,0\" data-index-in-node=\"0\">Banco:<\/b> Banco de Cr\u00e9dito del Per\u00fa.<\/li>\n<li id=\"p-rc_60ea5f4942ba0037-95\" data-path-to-node=\"6,1,1\"><b data-path-to-node=\"6,1,1,0\" data-index-in-node=\"0\">Direcci\u00f3n: <\/b>Calle Centenario #156, La Molina, Lima, Per\u00fa.<\/li>\n<li id=\"p-rc_60ea5f4942ba0037-96\" data-path-to-node=\"6,2,1\"><span data-path-to-node=\"6,2,1,0\"><b data-path-to-node=\"6,2,1,0\" data-index-in-node=\"0\"><span class=\"citation-198\">SWIFT Codigo<\/span><\/b><span class=\"citation-198\">: BCPLPEPL<\/span><\/span><span data-path-to-node=\"6,2,1,2\">.<\/span><\/li>\n<li id=\"p-rc_60ea5f4942ba0037-97\" data-path-to-node=\"6,3,1\"><span data-path-to-node=\"6,3,1,0\"><span class=\"citation-197\"><b data-path-to-node=\"6,3,1,0\" data-index-in-node=\"0\">Beneficiario:T<\/b>ambo Blanquillo SAC<\/span><\/span><span data-path-to-node=\"6,3,1,2\">.<\/span><\/li>\n<li id=\"p-rc_60ea5f4942ba0037-98\" data-path-to-node=\"6,4,1\"><span data-path-to-node=\"6,4,1,0\"><b data-path-to-node=\"6,4,1,0\" data-index-in-node=\"0\"><span class=\"citation-196\">RUC<\/span><\/b><span class=\"citation-196\">: 20527011711<\/span><\/span><span data-path-to-node=\"6,4,1,2\">.<\/span><\/li>\n<li id=\"p-rc_60ea5f4942ba0037-99\" data-path-to-node=\"6,5,1\"><span data-path-to-node=\"6,5,1,0\"><span class=\"citation-195\"><b data-path-to-node=\"6,5,1,0\" data-index-in-node=\"0\">N\u00famero de cuenta:<\/b>194-1712473-1-16<\/span><\/span><span data-path-to-node=\"6,5,1,2\">.<\/span><\/li>\n<li id=\"p-rc_60ea5f4942ba0037-100\" data-path-to-node=\"6,6,1\"><b data-path-to-node=\"6,6,1,0\" data-index-in-node=\"0\">Nota sobre las comisiones por transacci\u00f3n:<\/b> La empresa cubre una comisi\u00f3n \u00fanica de 24,00 d\u00f3lares cobrada por su banco, pero no se responsabiliza de otras comisiones bancarias de intermediarios o terceros.<\/li>\n<li> <\/li>\n<\/ul>\n<h3 data-path-to-node=\"7\">Pol\u00edtica de cancelaci\u00f3n y modificaci\u00f3n<\/h3>\n<ul>\n<li id=\"p-rc_60ea5f4942ba0037-101\" data-path-to-node=\"8,0,1\"><b data-path-to-node=\"8,0,1,0\" data-index-in-node=\"0\">M\u00e1s de 30 d\u00edas antes:<\/b> se reembolsa el 80%.<\/li>\n<li id=\"p-rc_60ea5f4942ba0037-102\" data-path-to-node=\"8,1,1\">Entre 30 y 15 d\u00edas antes: reembolso del 50%.<\/li>\n<li id=\"p-rc_60ea5f4942ba0037-103\" data-path-to-node=\"8,2,1\"><b data-path-to-node=\"8,2,1,0\" data-index-in-node=\"0\">15 d\u00edas antes:<\/b> No se realizan reembolsos.<\/li>\n<li id=\"p-rc_60ea5f4942ba0037-104\" data-path-to-node=\"8,3,1\"><b data-path-to-node=\"8,3,1,0\" data-index-in-node=\"0\">En caso de no presentarse, se cobrar\u00e1 el 100% de la reserva;<\/b> no se realizar\u00e1n reembolsos.<\/li>\n<li id=\"p-rc_60ea5f4942ba0037-105\" data-path-to-node=\"8,4,1\"><b data-path-to-node=\"8,4,1,0\" data-index-in-node=\"0\">Modificaciones: <\/b>Los cambios de fechas, tipos de habitaci\u00f3n o n\u00famero de hu\u00e9spedes est\u00e1n sujetos a disponibilidad y pueden conllevar cargos adicionales.<\/li>\n<li id=\"p-rc_60ea5f4942ba0037-106\" data-path-to-node=\"8,5,1\"><b data-path-to-node=\"8,5,1,0\" data-index-in-node=\"0\">Cambios de ruta: <\/b>Debido a las condiciones meteorol\u00f3gicas o a los deslizamientos de tierra en la zona de amortiguaci\u00f3n de Manu, los gu\u00edas pueden cambiar la ruta e informar\u00e1n a los pasajeros con antelaci\u00f3n.<\/li>\n<\/ul>\n\t\t\t\t\t\t<\/div>\n\t\t\t\t<\/div>\n\t\t\t\t<\/div>\n\t\t\t\t<\/div>\n\t\t","protected":false},"excerpt":{"rendered":"<div class=\"tmnf_excerpt\"><p>Informaci\u00f3n de reserva y contacto Solicitudes de reserva: Todas las solicitudes de reserva deben realizarse por correo electr\u00f3nico al departamento de reservas. Email: info@tamboblanquillo.com. Tel\u00e9fono:+51984992203. Pagina Web: www.tamboblanquillo.com. Pol\u00edticas de pago Dep\u00f3sito de confirmaci\u00f3n: Se requiere un dep\u00f3sito del 50% del importe total de la reserva para confirmarla y finalizarla. Pago final: El 50% restante &hellip;<\/p>\n<\/div>","protected":false},"author":2,"featured_media":0,"parent":0,"menu_order":0,"comment_status":"closed","ping_status":"closed","template":"","meta":{"footnotes":""},"_links":{"self":[{"href":"https:\/\/tamboblanquillo.com\/es\/wp-json\/wp\/v2\/pages\/10929"}],"collection":[{"href":"https:\/\/tamboblanquillo.com\/es\/wp-json\/wp\/v2\/pages"}],"about":[{"href":"https:\/\/tamboblanquillo.com\/es\/wp-json\/wp\/v2\/types\/page"}],"author":[{"embeddable":true,"href":"https:\/\/tamboblanquillo.com\/es\/wp-json\/wp\/v2\/users\/2"}],"replies":[{"embeddable":true,"href":"https:\/\/tamboblanquillo.com\/es\/wp-json\/wp\/v2\/comments?post=10929"}],"version-history":[{"count":1,"href":"https:\/\/tamboblanquillo.com\/es\/wp-json\/wp\/v2\/pages\/10929\/revisions"}],"predecessor-version":[{"id":10930,"href":"https:\/\/tamboblanquillo.com\/es\/wp-json\/wp\/v2\/pages\/10929\/revisions\/10930"}],"wp:attachment":[{"href":"https:\/\/tamboblanquillo.com\/es\/wp-json\/wp\/v2\/media?parent=10929"}],"curies":[{"name":"wp","href":"https:\/\/api.w.org\/{rel}","templated":true}]}}